{"id":141,"date":"2025-10-16T13:22:39","date_gmt":"2025-10-16T13:22:39","guid":{"rendered":"https:\/\/motohotell24.ee\/?page_id=141"},"modified":"2025-10-26T10:32:20","modified_gmt":"2025-10-26T10:32:20","slug":"teenused-ja-hinnad","status":"publish","type":"page","link":"https:\/\/motohotell24.ee\/ru\/teenused-ja-hinnad\/","title":{"rendered":"\u0423\u0441\u043b\u0443\u0433\u0438 \u0438 \u0446\u0435\u043d\u044b"},"content":{"rendered":"<div data-elementor-type=\"wp-post\" data-elementor-id=\"141\" class=\"elementor elementor-141\">\n\t\t\t\t<div class=\"elementor-element elementor-element-7bfecd2 e-con-full e-flex e-con e-parent\" data-id=\"7bfecd2\" data-element_type=\"container\">\n\t\t<div class=\"elementor-element elementor-element-2fe8c94 e-con-full e-flex e-con e-child\" data-id=\"2fe8c94\" data-element_type=\"container\">\n\t\t\t\t<div class=\"elementor-element elementor-element-23cb232 elementor-invisible elementor-widget elementor-widget-text-editor\" data-id=\"23cb232\" data-element_type=\"widget\" data-settings=\"{&quot;_animation&quot;:&quot;fadeInLeft&quot;}\" data-widget_type=\"text-editor.default\">\n\t\t\t\t\t\t\t\t\t<p><strong>\u0417\u0438\u043c\u043d\u0435\u0435 \u0445\u0440\u0430\u043d\u0435\u043d\u0438\u0435 \u043c\u043e\u0442\u043e\u0446\u0438\u043a\u043b\u0430<\/strong><\/p>\t\t\t\t\t\t\t\t<\/div>\n\t\t\t\t<\/div>\n\t\t<div class=\"elementor-element elementor-element-dd64d11 e-con-full e-flex e-con e-child\" data-id=\"dd64d11\" data-element_type=\"container\">\n\t\t\t\t<div class=\"elementor-element elementor-element-48bb639 elementor-invisible elementor-widget elementor-widget-text-editor\" data-id=\"48bb639\" data-element_type=\"widget\" data-settings=\"{&quot;_animation&quot;:&quot;fadeInRight&quot;}\" data-widget_type=\"text-editor.default\">\n\t\t\t\t\t\t\t\t\t<p><strong>\u041f\u0430\u043a\u0435\u0442: \u0421\u0442\u0430\u043d\u0434\u0430\u0440\u0442\u043d\u044b\u0439 \u0434\u043b\u044f \u043c\u043e\u0442\u043e\u0446\u0438\u043a\u043b\u0430<\/strong><\/p><ul><li>\u0420\u0430\u0437\u043c\u0435\u0440\u044b: \u0434\u043b\u0438\u043d\u0430 \u0434\u043e 2,4 \u043c, \u0432\u044b\u0441\u043e\u0442\u0430 \u0434\u043e 1,35 \u043c<\/li><li>\u041c\u0438\u043d\u0438\u043c\u0430\u043b\u044c\u043d\u044b\u0439 \u0441\u0440\u043e\u043a \u0445\u0440\u0430\u043d\u0435\u043d\u0438\u044f: <strong>5 \u043c\u0435\u0441\u044f\u0446\u0435\u0432<\/strong><\/li><li>\u0426\u0435\u043d\u0430: <strong>100 \u20ac<\/strong><\/li><li><h6><strong>\u0421\u043f\u0435\u0446\u0438\u0430\u043b\u044c\u043d\u043e\u0435 \u043f\u0440\u0435\u0434\u043b\u043e\u0436\u0435\u043d\u0438\u0435: \u0434\u043b\u044f \u043f\u0435\u0440\u0432\u044b\u0445 100 \u043a\u043b\u0438\u0435\u043d\u0442\u043e\u0432 \u2014 6 \u043c\u0435\u0441\u044f\u0446\u0435\u0432 \u0445\u0440\u0430\u043d\u0435\u043d\u0438\u044f \u043f\u043e \u0446\u0435\u043d\u0435 100 \u20ac<\/strong><\/h6><\/li><\/ul><p><strong>\u0414\u043e\u043f\u043e\u043b\u043d\u0438\u0442\u0435\u043b\u044c\u043d\u0430\u044f \u0443\u0441\u043b\u0443\u0433\u0430:<\/strong> \u0422\u0440\u0430\u043d\u0441\u043f\u043e\u0440\u0442\u0438\u0440\u043e\u0432\u043a\u0430 \u043c\u043e\u0442\u043e\u0446\u0438\u043a\u043b\u0430 \u0438\u0437 \u0422\u0430\u043b\u043b\u0438\u043d\u0430 \u0432 \u043c\u043e\u0442\u0435\u043b\u044c \u0412\u0438\u043b\u0438\u0432\u0435\u0440\u0435 \u2014 <strong>25 \u20ac<\/strong>.<br \/>\u0412\u0435\u0441\u043d\u043e\u0439 \u0432\u044b \u0441\u043c\u043e\u0436\u0435\u0442\u0435 \u0437\u0430\u0431\u0440\u0430\u0442\u044c \u043c\u043e\u0442\u043e\u0446\u0438\u043a\u043b \u0441\u0430\u043c\u043e\u0441\u0442\u043e\u044f\u0442\u0435\u043b\u044c\u043d\u043e.<\/p><p><strong>\u0414\u043e\u043f\u043e\u043b\u043d\u0438\u0442\u0435\u043b\u044c\u043d\u044b\u0435 \u043e\u043f\u0446\u0438\u0438:<\/strong><\/p><ul><li><strong>\u0410\u043a\u043a\u0443\u043c\u0443\u043b\u044f\u0442\u043e\u0440 \u043c\u043e\u0436\u043d\u043e \u043f\u0435\u0440\u0438\u043e\u0434\u0438\u0447\u0435\u0441\u043a\u0438 \u043f\u043e\u0434\u0437\u0430\u0440\u044f\u0436\u0430\u0442\u044c \u0432\u043e \u0432\u0440\u0435\u043c\u044f \u0445\u0440\u0430\u043d\u0435\u043d\u0438\u044f.<\/strong><\/li><li>\u0412\u043e \u0432\u0440\u0435\u043c\u044f \u0445\u0440\u0430\u043d\u0435\u043d\u0438\u044f \u0440\u0435\u043c\u043e\u043d\u0442 \u0438\u043b\u0438 \u0432\u043c\u0435\u0448\u0430\u0442\u0435\u043b\u044c\u0441\u0442\u0432\u043e \u043d\u0435 \u0434\u043e\u043f\u0443\u0441\u043a\u0430\u044e\u0442\u0441\u044f.<br \/>\u0414\u043b\u044f \u044d\u0442\u043e\u0433\u043e \u043c\u043e\u0436\u043d\u043e \u0430\u0440\u0435\u043d\u0434\u043e\u0432\u0430\u0442\u044c \u0438\u043d\u0434\u0438\u0432\u0438\u0434\u0443\u0430\u043b\u044c\u043d\u044b\u0439 \u0431\u043e\u043a\u0441:<ul><li><strong>10 m\u00b2 \u0431\u043e\u043a\u0441<\/strong> \u2013 \u0441 \u043f\u043e\u0434\u044a\u0435\u043c\u043d\u043e\u0439 \u0434\u0432\u0435\u0440\u044c\u044e, \u0437\u0430\u043f\u0438\u0440\u0430\u0435\u043c\u044b\u0439, \u0434\u043e\u0441\u0442\u0443\u043f 24\/7, \u043c\u0438\u043d\u0438\u043c\u0430\u043b\u044c\u043d\u044b\u0439 \u0441\u0440\u043e\u043a \u0430\u0440\u0435\u043d\u0434\u044b \u2014 1 \u043c\u0435\u0441\u044f\u0446, \u0446\u0435\u043d\u0430 \u2014 100 \u20ac\/\u043c\u0435\u0441\u044f\u0446.<\/li><li><strong>19 m\u00b2 \u0431\u043e\u043a\u0441<\/strong> \u2013 \u0441 \u043f\u043e\u0434\u044a\u0435\u043c\u043d\u043e\u0439 \u0434\u0432\u0435\u0440\u044c\u044e, \u0434\u043e\u0441\u0442\u0443\u043f 24\/7, \u043c\u0438\u043d\u0438\u043c\u0430\u043b\u044c\u043d\u044b\u0439 \u0441\u0440\u043e\u043a \u0430\u0440\u0435\u043d\u0434\u044b \u2014 1 \u043c\u0435\u0441\u044f\u0446, \u0446\u0435\u043d\u0430 \u2014 200 \u20ac\/\u043c\u0435\u0441\u044f\u0446.<\/li><\/ul><\/li><\/ul><p><strong>\u0414\u043b\u044f \u0445\u0440\u0430\u043d\u0435\u043d\u0438\u044f \u043a\u0440\u0443\u043f\u043d\u043e\u0433\u043e \u043c\u043e\u0442\u043e\u0446\u0438\u043a\u043b\u0430 \u0438\u043b\u0438 \u0434\u0440\u0443\u0433\u043e\u0433\u043e \u043c\u043e\u0442\u043e\u0440\u043d\u043e\u0433\u043e \u0442\u0440\u0430\u043d\u0441\u043f\u043e\u0440\u0442\u043d\u043e\u0433\u043e \u0441\u0440\u0435\u0434\u0441\u0442\u0432\u0430 \u043e\u0442\u043f\u0440\u0430\u0432\u044c\u0442\u0435 \u0437\u0430\u043f\u0440\u043e\u0441.<\/strong><\/p><p>\u0422\u0435\u043c\u043f\u0435\u0440\u0430\u0442\u0443\u0440\u0430 \u0445\u0440\u0430\u043d\u0435\u043d\u0438\u044f: <strong>\u0413\u0430\u0440\u0430\u043d\u0442\u0438\u0440\u043e\u0432\u0430\u043d\u043e +5 \u00b0C<\/strong>.<\/p>\t\t\t\t\t\t\t\t<\/div>\n\t\t\t\t<\/div>\n\t\t\t\t<\/div>\n\t\t<div class=\"elementor-element elementor-element-759891c e-con-full e-flex e-con e-parent\" data-id=\"759891c\" data-element_type=\"container\">\n\t\t<div class=\"elementor-element elementor-element-15065af e-con-full e-flex e-con e-child\" data-id=\"15065af\" data-element_type=\"container\">\n\t\t\t\t<div class=\"elementor-element elementor-element-2fba189 elementor-invisible elementor-widget elementor-widget-text-editor\" data-id=\"2fba189\" data-element_type=\"widget\" data-settings=\"{&quot;_animation&quot;:&quot;fadeInLeft&quot;}\" data-widget_type=\"text-editor.default\">\n\t\t\t\t\t\t\t\t\t<p><strong>\u041e\u0442\u043a\u0440\u044b\u0442\u0430\u044f \u043f\u0430\u0440\u043a\u043e\u0432\u043a\u0430<\/strong><\/p>\t\t\t\t\t\t\t\t<\/div>\n\t\t\t\t<\/div>\n\t\t<div class=\"elementor-element elementor-element-af910d2 e-con-full e-flex e-con e-child\" data-id=\"af910d2\" data-element_type=\"container\">\n\t\t\t\t<div class=\"elementor-element elementor-element-2256e74 elementor-invisible elementor-widget elementor-widget-text-editor\" data-id=\"2256e74\" data-element_type=\"widget\" data-settings=\"{&quot;_animation&quot;:&quot;fadeInRight&quot;}\" data-widget_type=\"text-editor.default\">\n\t\t\t\t\t\t\t\t\t<p>\u041e\u0445\u0440\u0430\u043d\u044f\u0435\u043c\u0430\u044f \u043e\u0442\u043a\u0440\u044b\u0442\u0430\u044f \u043f\u0430\u0440\u043a\u043e\u0432\u043a\u0430 (<strong>\u0421 \u0432\u0438\u0434\u0435\u043e\u043d\u0430\u0431\u043b\u044e\u0434\u0435\u043d\u0438\u0435\u043c G4S<\/strong>).<\/p><ul><li><strong>\u041b\u0435\u0433\u043a\u043e\u0432\u043e\u0439 \u0430\u0432\u0442\u043e\u043c\u043e\u0431\u0438\u043b\u044c \/ \u0444\u0443\u0440\u0433\u043e\u043d<\/strong> \u2013 10 \u20ac\/\u043c\u0435\u0441\u044f\u0446<\/li><li><strong>\u041a\u043e\u043d\u0442\u0435\u0439\u043d\u0435\u0440<\/strong> (6,06 \u00d7 2,44 m) \u2013 10 \u20ac\/\u043c\u0435\u0441\u044f\u0446<\/li><li class=\"translation-block\">\u0413\u0440\u0443\u0437\u043e\u0432\u0438\u043a \u0438\u043b\u0438 \u0442\u044f\u0436\u0451\u043b\u0430\u044f \u0442\u0435\u0445\u043d\u0438\u043a\u0430 \u0434\u043e 8 \u043c \u2014 20 \u20ac\/\u043c\u0435\u0441\u044f\u0446<\/li><li><strong>\u0414\u043b\u044f \u0445\u0440\u0430\u043d\u0435\u043d\u0438\u044f \u0434\u0440\u0443\u0433\u0438\u0445 \u0443\u0441\u0442\u0440\u043e\u0439\u0441\u0442\u0432 \u0438\u043b\u0438 \u0442\u0435\u0445\u043d\u0438\u043a\u0438 \u043e\u0442\u043f\u0440\u0430\u0432\u044c\u0442\u0435 \u0437\u0430\u043f\u0440\u043e\u0441.<\/strong><\/li><\/ul><p>\u27a1\ufe0f \u041c\u0438\u043d\u0438\u043c\u0430\u043b\u044c\u043d\u044b\u0439 \u0441\u0440\u043e\u043a \u0445\u0440\u0430\u043d\u0435\u043d\u0438\u044f: <strong>6 \u043c\u0435\u0441\u044f\u0446\u0435\u0432<\/strong><br \/>(\u041c\u043e\u0436\u043d\u043e \u0445\u0440\u0430\u043d\u0438\u0442\u044c \u0438 \u043c\u0435\u043d\u044c\u0448\u0435, \u043d\u043e \u0432\u0441\u0435\u0433\u0434\u0430 \u0432\u0437\u0438\u043c\u0430\u0435\u0442\u0441\u044f \u043f\u043b\u0430\u0442\u0430 \u0437\u0430 \u043c\u0438\u043d\u0438\u043c\u0430\u043b\u044c\u043d\u044b\u0439 \u0441\u0440\u043e\u043a \u2014 6 \u043c\u0435\u0441\u044f\u0446\u0435\u0432.)<\/p><p><strong>\u041c\u044b \u0442\u0430\u043a\u0436\u0435 \u043f\u0440\u0435\u0434\u043b\u0430\u0433\u0430\u0435\u043c \u043a\u0440\u0430\u0442\u043a\u043e\u0441\u0440\u043e\u0447\u043d\u043e\u0435 \u0445\u0440\u0430\u043d\u0435\u043d\u0438\u0435 \u0432 \u0430\u043d\u0433\u0430\u0440\u0435 \u0438 \u043d\u0430 \u043e\u0442\u043a\u0440\u044b\u0442\u043e\u0439 \u043f\u0430\u0440\u043a\u043e\u0432\u043a\u0435 \u2014 \u043e\u0442\u043f\u0440\u0430\u0432\u044c\u0442\u0435 \u0437\u0430\u043f\u0440\u043e\u0441.<\/strong><br \/><strong>\u041c\u044b \u043f\u0440\u0435\u0434\u043b\u0430\u0433\u0430\u0435\u043c \u0442\u0440\u0430\u043d\u0441\u043f\u043e\u0440\u0442\u0438\u0440\u043e\u0432\u043a\u0443 \u043c\u043e\u0442\u043e\u0446\u0438\u043a\u043b\u043e\u0432 \u2014 \u043e\u0442\u043f\u0440\u0430\u0432\u044c\u0442\u0435 \u0437\u0430\u043f\u0440\u043e\u0441.<\/strong><\/p>\t\t\t\t\t\t\t\t<\/div>\n\t\t\t\t<\/div>\n\t\t\t\t<\/div>\n\t\t<div class=\"elementor-element elementor-element-ec1dcad e-con-full e-flex e-con e-parent\" data-id=\"ec1dcad\" data-element_type=\"container\">\n\t\t\t\t<div class=\"elementor-element elementor-element-1f271b9 elementor-invisible elementor-widget elementor-widget-text-editor\" data-id=\"1f271b9\" data-element_type=\"widget\" data-settings=\"{&quot;_animation&quot;:&quot;fadeInUp&quot;}\" data-widget_type=\"text-editor.default\">\n\t\t\t\t\t\t\t\t\t<p><strong>\u0426\u0435\u043d\u044b \u0438 \u0443\u0441\u043b\u043e\u0432\u0438\u044f<\/strong><\/p><ul><li><strong>\u0414\u043b\u044f \u0447\u0430\u0441\u0442\u043d\u044b\u0445 \u043b\u0438\u0446<\/strong> \u0421\u0447\u0435\u0442\u0430 \u043d\u0435 \u043e\u0431\u043b\u0430\u0433\u0430\u044e\u0442\u0441\u044f \u041d\u0414\u0421.<\/li><li><strong>\u0414\u043b\u044f \u044e\u0440\u0438\u0434\u0438\u0447\u0435\u0441\u043a\u0438\u0445 \u043b\u0438\u0446<\/strong> \u041a \u0446\u0435\u043d\u0435 \u0434\u043e\u0431\u0430\u0432\u043b\u044f\u0435\u0442\u0441\u044f \u041d\u0414\u0421 24%.<\/li><\/ul>\t\t\t\t\t\t\t\t<\/div>\n\t\t\t\t<\/div>\n\t\t\t\t<\/div>","protected":false},"excerpt":{"rendered":"<p>Mootorratta talvine hoiustamine Pakett: Standard mootorratas M\u00f5\u00f5dud: pikkus kuni 2,4 m, k\u00f5rgus kuni 1,35 m Minimaalne hoiustamise aeg: 5 kuud Hind: 100 \u20ac Eripakkumine: esimesele 100 kliendile 6 kuud hoiustamist&hellip;<\/p>","protected":false},"author":1,"featured_media":0,"parent":0,"menu_order":0,"comment_status":"closed","ping_status":"closed","template":"elementor_header_footer","meta":{"om_disable_all_campaigns":false,"_monsterinsights_skip_tracking":false,"_monsterinsights_sitenote_active":false,"_monsterinsights_sitenote_note":"","_monsterinsights_sitenote_category":0,"footnotes":""},"class_list":["post-141","page","type-page","status-publish","hentry"],"aioseo_notices":[],"jetpack_sharing_enabled":true,"_links":{"self":[{"href":"https:\/\/motohotell24.ee\/ru\/wp-json\/wp\/v2\/pages\/141","targetHints":{"allow":["GET"]}}],"collection":[{"href":"https:\/\/motohotell24.ee\/ru\/wp-json\/wp\/v2\/pages"}],"about":[{"href":"https:\/\/motohotell24.ee\/ru\/wp-json\/wp\/v2\/types\/page"}],"author":[{"embeddable":true,"href":"https:\/\/motohotell24.ee\/ru\/wp-json\/wp\/v2\/users\/1"}],"replies":[{"embeddable":true,"href":"https:\/\/motohotell24.ee\/ru\/wp-json\/wp\/v2\/comments?post=141"}],"version-history":[{"count":32,"href":"https:\/\/motohotell24.ee\/ru\/wp-json\/wp\/v2\/pages\/141\/revisions"}],"predecessor-version":[{"id":513,"href":"https:\/\/motohotell24.ee\/ru\/wp-json\/wp\/v2\/pages\/141\/revisions\/513"}],"wp:attachment":[{"href":"https:\/\/motohotell24.ee\/ru\/wp-json\/wp\/v2\/media?parent=141"}],"curies":[{"name":"wp","href":"https:\/\/api.w.org\/{rel}","templated":true}]}}